{"id":36865,"date":"2025-05-14T11:21:15","date_gmt":"2025-05-14T11:21:15","guid":{"rendered":"https:\/\/novaskin.center\/?page_id=36865"},"modified":"2025-05-14T11:37:25","modified_gmt":"2025-05-14T11:37:25","slug":"politica-de-cookies","status":"publish","type":"page","link":"https:\/\/novaskin.center\/en\/politica-de-cookies\/","title":{"rendered":"Cookie policy"},"content":{"rendered":"<div data-elementor-type=\"wp-page\" data-elementor-id=\"36865\" class=\"elementor elementor-36865\" data-elementor-post-type=\"page\">\n\t\t\t\t<div class=\"elementor-element elementor-element-53ceec75 e-flex e-con-boxed cmsmasters-block-default e-con e-parent\" data-id=\"53ceec75\" data-element_type=\"container\" data-e-type=\"container\">\n\t\t\t\t\t<div class=\"e-con-inner\">\n\t\t\t\t<div class=\"elementor-element elementor-element-41d37c5 cmsmasters-block-default cmsmasters-sticky-default elementor-widget elementor-widget-spacer\" data-id=\"41d37c5\" data-element_type=\"widget\" data-e-type=\"widget\" data-widget_type=\"spacer.default\">\n\t\t\t\t<div class=\"elementor-widget-container\">\n\t\t\t\t\t\t\t<div class=\"elementor-spacer\">\n\t\t\t<div class=\"elementor-spacer-inner\"><\/div>\n\t\t<\/div>\n\t\t\t\t\t\t<\/div>\n\t\t\t\t<\/div>\n\t\t\t\t<div class=\"elementor-element elementor-element-29c71165 cmsmasters-block-default cmsmasters-sticky-default elementor-widget elementor-widget-text-editor\" data-id=\"29c71165\" data-element_type=\"widget\" data-e-type=\"widget\" data-widget_type=\"text-editor.default\">\n\t\t\t\t<div class=\"elementor-widget-container\">\n\t\t\t\t\t\t\t\t\t\n<div class=\"page-header accssme-widget-content\">\n<div class=\"page-header accssme-widget-content\">\n<h1 class=\"entry-title accssme-widget-titles wp-block-heading\">Cookie policy<\/h1>\n<\/div>\n<div class=\"page-content accssme-widget-content\">\n<p class=\"accssme-widget-text\">Nuestra\u00a0<a class=\"accssme-widget-links accssme-widget-text\" href=\"https:\/\/es.wordpress.org\/about\/privacy\/\" target=\"_blank\" rel=\"noreferrer noopener\">pol\u00edtica de privacidad<\/a>\u00a0explica nuestros principios cuando se trata de recopilar, procesar y almacenar tu informaci\u00f3n. Esta pol\u00edtica explica espec\u00edficamente c\u00f3mo nosotros, nuestros socios y usuarios de nuestros servicios implementamos cookies, as\u00ed como tambi\u00e9n las opciones que tienes para controlarlas.<\/p>\n<h4 class=\"wp-block-heading accssme-widget-titles\"><strong class=\"accssme-widget-text\">\u00bfQu\u00e9 son las cookies?<\/strong><\/h4>\n<p class=\"accssme-widget-text\">Las cookies son peque\u00f1as piezas de datos, almacenadas en archivos de texto, que se almacenan en tu ordenador u otro dispositivo cuando se cargan webs en un navegador. Se usan ampliamente para \u2018recordarte\u2019 a ti y tus preferencias, ya sea para una sola visita (a trav\u00e9s de una \u2018cookie de sesi\u00f3n\u2019) o para m\u00faltiples visitas repetidas (usando una \u2018cookie persistente\u2019). Aseguran una experiencia consistente y eficiente a los visitantes, y realizan funciones esenciales como permitir que los usuarios se registren y permanezcan conectados. Las cookies las pueden crear el sitio que est\u00e1s visitando (conocidas como \u2018 cookies propias), o por terceros, tales como aquellas que sirven contenido o proporcionan servicios de publicidad o servicios de anal\u00edtica en el sitio web (\u2018 cookies de terceros\u2019).<\/p>\n<h4 class=\"wp-block-heading accssme-widget-titles\"><strong class=\"accssme-widget-text\">Cookies creadas por WordPress.org<\/strong><\/h4>\n<p class=\"accssme-widget-text\">Usamos cookies para diversos prop\u00f3sitos. Algunas cookies son necesarias por motivos t\u00e9cnicos; algunas activan una experiencia personalizada tanto para visitantes como para usuarios registrados; y otras permiten ver anuncios de redes seleccionadas. Algunas de estas cookies puede que se creen al cargar una p\u00e1gina, o cuando un visitante lleva a cabo una acci\u00f3n concreta (hace clic en el bot\u00f3n \u2018me gusta\u2019 o \u2018seguir\u2019 en una entrada, por ejemplo).<\/p>\n<p class=\"accssme-widget-text\">A continuaci\u00f3n se describen las diferentes categor\u00edas de cookies creadas por WordPress.org, con ejemplos espec\u00edficos detallados en las tablas siguientes. Esto incluye su nombre y prop\u00f3sito. Algunas cookies solo se crean para los visitantes que inician sesi\u00f3n, mientras que otras se crean para cualquier visitante, y estas se marcan a continuaci\u00f3n seg\u00fan corresponda. Cuando una cookie solo se aplica a subdominios espec\u00edficos se incluyen en la cabecera correspondiente.<\/p>\n<p class=\"accssme-widget-text\"><strong class=\"accssme-widget-text\">Estrictamente necesarias<\/strong>: Estas son las cookies esenciales para que WordPress.org realice funciones b\u00e1sicas. Incluyen lo necesario para permitir a los usuarios registrados identificarse y realizar funciones relacionadas con la cuenta.<\/p>\n<p class=\"accssme-widget-text\"><strong class=\"accssme-widget-text\">Funcionalidad<\/strong>: Estas cookies se utilizan para almacenar las preferencias establecidas por los usuarios, como el nombre de la cuenta, el idioma y la ubicaci\u00f3n.<\/p>\n<p class=\"accssme-widget-text\"><strong class=\"accssme-widget-text\">Rendimiento<\/strong>: Las cookies de rendimiento recopilan informaci\u00f3n sobre c\u00f3mo los usuarios interact\u00faan con los sitios alojados en WordPress.org, incluidas las p\u00e1ginas m\u00e1s visitadas, as\u00ed como otros datos anal\u00edticos. Estos detalles solo se usan para mejorar c\u00f3mo funciona la web.<\/p>\n<p class=\"accssme-widget-text\"><strong class=\"accssme-widget-text\">Seguimiento<\/strong>: Estas las guardan otras redes fiables (p.ej. Google Analytics) para rastrear detalles como el n\u00famero de visitantes \u00fanicos y p\u00e1ginas vistas para ayudar a mejorar la experiencia del usuario.<\/p>\n<p class=\"accssme-widget-text\"><strong class=\"accssme-widget-text\">Contenido incrustado de terceros<\/strong>: WordPress.org hace uso de diferentes aplicaciones y servicios de terceros para mejorar la experiencia de los visitantes de la web. Estos incluyen plataformas de redes sociales como Facebook y Twitter (a trav\u00e9s del uso de botones para compartir), o contenido incrustado de Youtube y Vimeo. Como resultado, estos servicios pueden guardar cookies y utilizarlas para rastrear tu actividad online. No tenemos control directo sobre la informaci\u00f3n recopilada por estas cookies.<\/p>\n<p class=\"accssme-widget-text\">es.wordpress.org<\/p>\n<figure class=\"wp-block-table accssme-widget-content\">\n<table class=\"has-fixed-layout accssme-widget-content\">\n<thead class=\"accssme-widget-content\">\n<tr class=\"accssme-widget-content\">\n<td class=\"accssme-widget-text\">Cookie<\/td>\n<td class=\"accssme-widget-text\">Duraci\u00f3n<\/td>\n<td class=\"accssme-widget-text\">Prop\u00f3sito<\/td>\n<td class=\"accssme-widget-text\">\u00bfSolo usuarios conectados?<\/td>\n<\/tr>\n<\/thead>\n<tbody class=\"accssme-widget-content\">\n<tr class=\"accssme-widget-main-content accssme-widget-content\">\n<td class=\"accssme-widget-text\">devicePixelRatio<\/td>\n<td class=\"accssme-widget-text\">Por defecto del navegador (1 a\u00f1o)<\/td>\n<td class=\"accssme-widget-text\">Se utiliza para hacer que el sitio adaptable al tama\u00f1o de la pantalla del visitante.<\/td>\n<td class=\"accssme-widget-text\">No<\/td>\n<\/tr>\n<tr class=\"accssme-widget-main-content accssme-widget-content\">\n<td class=\"accssme-widget-text\">wordpress_test_cookie<\/td>\n<td class=\"accssme-widget-text\">Sesi\u00f3n<\/td>\n<td class=\"accssme-widget-text\">Prueba que el navegador acepta cookies.<\/td>\n<td class=\"accssme-widget-text\">No<\/td>\n<\/tr>\n<tr class=\"accssme-widget-main-content accssme-widget-content\">\n<td class=\"accssme-widget-text\">_ga<\/td>\n<td class=\"accssme-widget-text\">2 a\u00f1os<\/td>\n<td class=\"accssme-widget-text\"><a class=\"accssme-widget-links accssme-widget-text\" href=\"https:\/\/developers.google.com\/analytics\/devguides\/collection\/analyticsjs\/cookie-usage\" target=\"_blank\" rel=\"noreferrer noopener\">Google Analytics<\/a>\u00a0\u2013 Usado para diferenciar usuarios.<\/td>\n<td class=\"accssme-widget-text\">No<\/td>\n<\/tr>\n<tr class=\"accssme-widget-main-content accssme-widget-content\">\n<td class=\"accssme-widget-text\">_gat_&lt;property-id&gt;<\/td>\n<td class=\"accssme-widget-text\">1 minuto<\/td>\n<td class=\"accssme-widget-text\"><a class=\"accssme-widget-links accssme-widget-text\" href=\"https:\/\/developers.google.com\/analytics\/devguides\/collection\/analyticsjs\/cookie-usage\" target=\"_blank\" rel=\"noreferrer noopener\">Google Analytics<\/a>\u00a0\u2013 Usado para acelerar la tasa de solicitud.<\/td>\n<td class=\"accssme-widget-text\">No<\/td>\n<\/tr>\n<tr class=\"accssme-widget-main-content accssme-widget-content\">\n<td class=\"accssme-widget-text\">_gid<\/td>\n<td class=\"accssme-widget-text\">24 horas<\/td>\n<td class=\"accssme-widget-text\"><a class=\"accssme-widget-links accssme-widget-text\" href=\"https:\/\/developers.google.com\/analytics\/devguides\/collection\/analyticsjs\/cookie-usage\" target=\"_blank\" rel=\"noreferrer noopener\">Google Analytics<\/a>\u00a0\u2013 Usado para diferenciar usuarios.<\/td>\n<td class=\"accssme-widget-text\">No<\/td>\n<\/tr>\n<tr class=\"accssme-widget-main-content accssme-widget-content\">\n<td class=\"accssme-widget-text\">tk_ai<\/td>\n<td class=\"accssme-widget-text\">24 horas<\/td>\n<td class=\"accssme-widget-text\"><a class=\"accssme-widget-links accssme-widget-text\" href=\"https:\/\/jetpack.com\/support\/cookies\/\" target=\"_blank\" rel=\"noreferrer noopener\">Jetpack<\/a>\u00a0\u2013 Almacena el identificador \u00fanico para el editor para permitir que Jetpack recopile datos.<\/td>\n<td class=\"accssme-widget-text\">No<\/td>\n<\/tr>\n<tr class=\"accssme-widget-main-content accssme-widget-content\">\n<td class=\"accssme-widget-text\">tk_lr<\/td>\n<td class=\"accssme-widget-text\">1 a\u00f1o<\/td>\n<td class=\"accssme-widget-text\"><a class=\"accssme-widget-links accssme-widget-text\" href=\"https:\/\/jetpack.com\/support\/cookies\/\" target=\"_blank\" rel=\"noreferrer noopener\">Jetpack<\/a>\u00a0\u2013 Almacena el identificador \u00fanico para el editor para permitir que Jetpack recopile datos.<\/td>\n<td class=\"accssme-widget-text\">No<\/td>\n<\/tr>\n<tr class=\"accssme-widget-main-content accssme-widget-content\">\n<td class=\"accssme-widget-text\">tk_or<\/td>\n<td class=\"accssme-widget-text\">5 a\u00f1os<\/td>\n<td class=\"accssme-widget-text\"><a class=\"accssme-widget-links accssme-widget-text\" href=\"https:\/\/jetpack.com\/support\/cookies\/\" target=\"_blank\" rel=\"noreferrer noopener\">Jetpack<\/a>\u00a0\u2013 Almacena el identificador \u00fanico para el editor para permitir que Jetpack recopile datos.<\/td>\n<td class=\"accssme-widget-text\">No<\/td>\n<\/tr>\n<tr class=\"accssme-widget-main-content accssme-widget-content\">\n<td class=\"accssme-widget-text\">wp-settings-{user_id}<\/td>\n<td class=\"accssme-widget-text\">1 a\u00f1o<\/td>\n<td class=\"accssme-widget-text\">Se usa para mantener la configuraci\u00f3n del usuario en wp-admin<\/td>\n<td class=\"accssme-widget-text\">S\u00ed<\/td>\n<\/tr>\n<tr class=\"accssme-widget-main-content accssme-widget-content\">\n<td class=\"accssme-widget-text\">wporg_logged_in<br class=\"accssme-widget-content\" \/>wporg_sec<\/td>\n<td class=\"accssme-widget-text\">14 d\u00edas si seleccionas \u00abRecu\u00e9rdame\u00bb cuando accedes. De lo contrario, el tiempo de sesi\u00f3n.<\/td>\n<td class=\"accssme-widget-text\">Se utiliza para comprobar si el visitante actual es un usuario registrado en WordPress.org.<\/td>\n<td class=\"accssme-widget-text\">S\u00ed<\/td>\n<\/tr>\n<tr class=\"accssme-widget-main-content accssme-widget-content\">\n<td class=\"accssme-widget-text\">wporg_locale<\/td>\n<td class=\"accssme-widget-text\">1 a\u00f1o<\/td>\n<td class=\"accssme-widget-text\">Usado para mantener la configuraci\u00f3n del idioma local del usuario.<\/td>\n<td class=\"accssme-widget-text\">S\u00ed<\/td>\n<\/tr>\n<\/tbody>\n<\/table>\n<\/figure>\n<p class=\"accssme-widget-text\">make.wordpress.org<\/p>\n<figure class=\"wp-block-table accssme-widget-content\">\n<table class=\"has-fixed-layout accssme-widget-content\">\n<thead class=\"accssme-widget-content\">\n<tr class=\"accssme-widget-content\">\n<td class=\"accssme-widget-text\">Cookie<\/td>\n<td class=\"accssme-widget-text\">Duraci\u00f3n<\/td>\n<td class=\"accssme-widget-text\">Prop\u00f3sito<\/td>\n<td class=\"accssme-widget-text\">\u00bfSolo usuarios conectados?<\/td>\n<\/tr>\n<\/thead>\n<tbody class=\"accssme-widget-content\">\n<tr class=\"accssme-widget-main-content accssme-widget-content\">\n<td class=\"accssme-widget-text\">welcome-{blog_id}<\/td>\n<td class=\"accssme-widget-text\">Permanente<\/td>\n<td class=\"accssme-widget-text\">Se utiliza para registrar si has elegido ocultar el mensaje de \u00abBienvenida\u00bb en la parte superior del blog correspondiente.<\/td>\n<td class=\"accssme-widget-text\">No<\/td>\n<\/tr>\n<tr class=\"accssme-widget-main-content accssme-widget-content\">\n<td class=\"accssme-widget-text\">showComments<\/td>\n<td class=\"accssme-widget-text\">10 a\u00f1os<\/td>\n<td class=\"accssme-widget-text\">Se utiliza para determinar si prefieres que los comentarios se muestren u oculten al leer el sitio.<\/td>\n<td class=\"accssme-widget-text\">No<\/td>\n<\/tr>\n<\/tbody>\n<\/table>\n<\/figure>\n<p class=\"accssme-widget-text\">*.trac.wordpress.org<\/p>\n<figure class=\"wp-block-table accssme-widget-content\">\n<table class=\"has-fixed-layout accssme-widget-content\">\n<thead class=\"accssme-widget-content\">\n<tr class=\"accssme-widget-content\">\n<td class=\"accssme-widget-text\">Cookie<\/td>\n<td class=\"accssme-widget-text\">Duraci\u00f3n<\/td>\n<td class=\"accssme-widget-text\">Prop\u00f3sito<\/td>\n<td class=\"accssme-widget-text\">\u00bfSolo usuarios conectados?<\/td>\n<\/tr>\n<\/thead>\n<tbody class=\"accssme-widget-content\">\n<tr class=\"accssme-widget-main-content accssme-widget-content\">\n<td class=\"accssme-widget-text\">trac_form_token<\/td>\n<td class=\"accssme-widget-text\">Sesi\u00f3n<\/td>\n<td class=\"accssme-widget-text\">Se utiliza como un token de seguridad para protecci\u00f3n frente a falsificaci\u00f3n cruzada de peticiones.<\/td>\n<td class=\"accssme-widget-text\">No<\/td>\n<\/tr>\n<tr class=\"accssme-widget-main-content accssme-widget-content\">\n<td class=\"accssme-widget-text\">trac_session<\/td>\n<td class=\"accssme-widget-text\">90 d\u00edas<\/td>\n<td class=\"accssme-widget-text\">Se utiliza para mantener an\u00f3nima la informaci\u00f3n de la sesi\u00f3n.<\/td>\n<td class=\"accssme-widget-text\">No<\/td>\n<\/tr>\n<\/tbody>\n<\/table>\n<\/figure>\n<p class=\"accssme-widget-text\">codex.wordpress.org<\/p>\n<figure class=\"wp-block-table accssme-widget-content\">\n<table class=\"has-fixed-layout accssme-widget-content\">\n<thead class=\"accssme-widget-content\">\n<tr class=\"accssme-widget-content\">\n<td class=\"accssme-widget-text\">Cookie<\/td>\n<td class=\"accssme-widget-text\">Duraci\u00f3n<\/td>\n<td class=\"accssme-widget-text\">Prop\u00f3sito<\/td>\n<td class=\"accssme-widget-text\">\u00bfSolo usuarios conectados?<\/td>\n<\/tr>\n<\/thead>\n<tbody class=\"accssme-widget-content\">\n<tr class=\"accssme-widget-main-content accssme-widget-content\">\n<td class=\"accssme-widget-text\">codexToken<\/td>\n<td class=\"accssme-widget-text\">6 meses<\/td>\n<td class=\"accssme-widget-text\">Se utiliza para comprobar si el visitante actual est\u00e1 conectado como usuario de WrodPress.org. Solo se guarda si eliges \u00abSeguir conectado\u00bb al acceder.<\/td>\n<td class=\"accssme-widget-text\">S\u00ed<\/td>\n<\/tr>\n<tr class=\"accssme-widget-main-content accssme-widget-content\">\n<td class=\"accssme-widget-text\">codexUserId<br class=\"accssme-widget-content\" \/>codexUserName<\/td>\n<td class=\"accssme-widget-text\">6 meses<\/td>\n<td class=\"accssme-widget-text\">Se utiliza para comprobar si el visitante actual es un usuario registrado en WordPress.org.<\/td>\n<td class=\"accssme-widget-text\">S\u00ed<\/td>\n<\/tr>\n<tr class=\"accssme-widget-main-content accssme-widget-content\">\n<td class=\"accssme-widget-text\">codex_session<\/td>\n<td class=\"accssme-widget-text\">Sesi\u00f3n<\/td>\n<td class=\"accssme-widget-text\">Se utiliza para comprobar si el visitante actual es un usuario registrado en WordPress.org.<\/td>\n<td class=\"accssme-widget-text\">S\u00ed<\/td>\n<\/tr>\n<\/tbody>\n<\/table>\n<\/figure>\n<p class=\"accssme-widget-text\">*.wordcamp.org<\/p>\n<figure class=\"wp-block-table accssme-widget-content\">\n<table class=\"has-fixed-layout accssme-widget-content\">\n<thead class=\"accssme-widget-content\">\n<tr class=\"accssme-widget-content\">\n<td class=\"accssme-widget-text\">Cookie<\/td>\n<td class=\"accssme-widget-text\">Duraci\u00f3n<\/td>\n<td class=\"accssme-widget-text\">Prop\u00f3sito<\/td>\n<td class=\"accssme-widget-text\">\u00bfSolo usuarios conectados?<\/td>\n<\/tr>\n<\/thead>\n<tbody class=\"accssme-widget-content\">\n<tr class=\"accssme-widget-main-content accssme-widget-content\">\n<td class=\"accssme-widget-text\">camptix_client_stats<\/td>\n<td class=\"accssme-widget-text\">1 a\u00f1o<\/td>\n<td class=\"accssme-widget-text\">Se utiliza para realizar un seguimiento de los visitantes \u00fanicos a la p\u00e1gina de entradas en un sitio wordcamp<\/td>\n<td class=\"accssme-widget-text\">No<\/td>\n<\/tr>\n<tr class=\"accssme-widget-main-content accssme-widget-content\">\n<td class=\"accssme-widget-text\">wp-saving-post<\/td>\n<td class=\"accssme-widget-text\">1 d\u00eda<\/td>\n<td class=\"accssme-widget-text\">Se utiliza para rastrear si existe una publicaci\u00f3n guardada en una publicaci\u00f3n que se est\u00e1 editando. Si existe, permite al usuario restaurar los datos.<\/td>\n<td class=\"accssme-widget-text\">S\u00ed<\/td>\n<\/tr>\n<tr class=\"accssme-widget-main-content accssme-widget-content\">\n<td class=\"accssme-widget-text\">comment_author_{hash}<\/td>\n<td class=\"accssme-widget-text\">347 d\u00edas<\/td>\n<td class=\"accssme-widget-text\">Usado para rastrear el nombre del autor del comentario, si est\u00e1 seleccionado \u00abGuardar mi nombre, correo electr\u00f3nico y sitio web en este navegador para la pr\u00f3xima vez que comento\u00bb<\/td>\n<td class=\"accssme-widget-text\">No<\/td>\n<\/tr>\n<tr class=\"accssme-widget-main-content accssme-widget-content\">\n<td class=\"accssme-widget-text\">comment_author_email_{hash}<\/td>\n<td class=\"accssme-widget-text\">347 d\u00edas<\/td>\n<td class=\"accssme-widget-text\">Se usa para guardar el correo electr\u00f3nico de autor del comentario si selecciona \u00abGuardar mi nombre, correo electr\u00f3nico y web en este navegador para la pr\u00f3xima vez que comente\u00bb<\/td>\n<td class=\"accssme-widget-text\">No<\/td>\n<\/tr>\n<tr class=\"accssme-widget-main-content accssme-widget-content\">\n<td class=\"accssme-widget-text\">comment_author_url_{hash}<\/td>\n<td class=\"accssme-widget-text\">347 d\u00edas<\/td>\n<td class=\"accssme-widget-text\">Usado para rastrear la URL del autor del comentario, si est\u00e1 seleccionada la casilla de verificaci\u00f3n \u00abGuardar mi nombre, correo electr\u00f3nico y sitio web en este navegador para la pr\u00f3xima vez que comente\u00bb.<\/td>\n<td class=\"accssme-widget-text\">No<\/td>\n<\/tr>\n<tr class=\"accssme-widget-main-content accssme-widget-content\">\n<td class=\"accssme-widget-text\">wp-postpass_{hash}<\/td>\n<td class=\"accssme-widget-text\">10 d\u00edas<\/td>\n<td class=\"accssme-widget-text\">Usado para mantener la sesi\u00f3n si una entrada est\u00e1 protegida con contrase\u00f1a<\/td>\n<td class=\"accssme-widget-text\">No<\/td>\n<\/tr>\n<tr class=\"accssme-widget-main-content accssme-widget-content\">\n<td class=\"accssme-widget-text\">wp-settings-{user}<\/td>\n<td class=\"accssme-widget-text\">1 a\u00f1o<\/td>\n<td class=\"accssme-widget-text\">Se para conservar los ajustes del usuario en wp admin<\/td>\n<td class=\"accssme-widget-text\">S\u00ed<\/td>\n<\/tr>\n<tr class=\"accssme-widget-main-content accssme-widget-content\">\n<td class=\"accssme-widget-text\">wp-settings-time-{user}<\/td>\n<td class=\"accssme-widget-text\">1 a\u00f1o<\/td>\n<td class=\"accssme-widget-text\">Hora en la que se estableci\u00f3 wp-settings-{user}<\/td>\n<td class=\"accssme-widget-text\">S\u00ed<\/td>\n<\/tr>\n<tr class=\"accssme-widget-main-content accssme-widget-content\">\n<td class=\"accssme-widget-text\">tix_view_token<\/td>\n<td class=\"accssme-widget-text\">2 d\u00edas<\/td>\n<td class=\"accssme-widget-text\">Se usa para la gesti\u00f3n privada de la sesi\u00f3n del contenido de camptix<\/td>\n<td class=\"accssme-widget-text\">No<\/td>\n<\/tr>\n<tr class=\"accssme-widget-main-content accssme-widget-content\">\n<td class=\"accssme-widget-text\">tk_ai<\/td>\n<td class=\"accssme-widget-text\">Navegador por defecto<\/td>\n<td class=\"accssme-widget-text\">Usado para seguimiento<\/td>\n<td class=\"accssme-widget-text\">No<\/td>\n<\/tr>\n<tr class=\"accssme-widget-main-content accssme-widget-content\">\n<td class=\"accssme-widget-text\">jetpackState<\/td>\n<td class=\"accssme-widget-text\">Sesi\u00f3n<\/td>\n<td class=\"accssme-widget-text\">Se utiliza para mantener el estado de Jetpack<\/td>\n<td class=\"accssme-widget-text\">S\u00ed<\/td>\n<\/tr>\n<tr class=\"accssme-widget-main-content accssme-widget-content\">\n<td class=\"accssme-widget-text\">jpp_math_pass<\/td>\n<td class=\"accssme-widget-text\">Sesi\u00f3n<\/td>\n<td class=\"accssme-widget-text\">Verifica que un usuario respondi\u00f3 el problema matem\u00e1tico correctamente al iniciar sesi\u00f3n.<\/td>\n<td class=\"accssme-widget-text\">No<\/td>\n<\/tr>\n<tr class=\"accssme-widget-main-content accssme-widget-content\">\n<td class=\"accssme-widget-text\">stnojs<\/td>\n<td class=\"accssme-widget-text\">2 d\u00edas<\/td>\n<td class=\"accssme-widget-text\">Recuerda si el usuario no quiere que se ejecute JavaScript<\/td>\n<td class=\"accssme-widget-text\">No<\/td>\n<\/tr>\n<tr class=\"accssme-widget-main-content accssme-widget-content\">\n<td class=\"accssme-widget-text\">wordpress_logged_in_{hash}<\/td>\n<td class=\"accssme-widget-text\">Sesi\u00f3n<\/td>\n<td class=\"accssme-widget-text\">Recordar sesi\u00f3n del usuario<\/td>\n<td class=\"accssme-widget-text\">S\u00ed<\/td>\n<\/tr>\n<tr class=\"accssme-widget-main-content accssme-widget-content\">\n<td class=\"accssme-widget-text\">wordpress_test_cookie<\/td>\n<td class=\"accssme-widget-text\">Sesi\u00f3n<\/td>\n<td class=\"accssme-widget-text\">Prueba si se puede establecer la cookie<\/td>\n<td class=\"accssme-widget-text\">No<\/td>\n<\/tr>\n<\/tbody>\n<\/table>\n<\/figure>\n<h4 class=\"wp-block-heading accssme-widget-titles\"><strong class=\"accssme-widget-text\">Control de cookies<\/strong><\/h4>\n<p class=\"accssme-widget-text\">Los visitantes pueden desear restringir el uso de cookies o evitar que se guarden del todo. La mayor\u00eda de los navegadores ofrecen formas de controlar el comportamiento de las cookies, como la cantidad de tiempo que est\u00e1n almacenadas \u2014 ya sea a trav\u00e9s de la funcionalidad integrada o mediante el uso de plugins de terceros.<\/p>\n<p class=\"accssme-widget-text\">Visita\u00a0<a class=\"accssme-widget-links accssme-widget-text\" href=\"https:\/\/www.aboutcookies.org\/\" target=\"_blank\" rel=\"noreferrer noopener\">aboutcookies.org<\/a>\u00a0para aprender c\u00f3mo gestionar y borrar las cookies. Visita\u00a0<a class=\"accssme-widget-links accssme-widget-text\" href=\"https:\/\/youronlinechoices.eu\/\" target=\"_blank\" rel=\"noreferrer noopener\">youronlinechoices.eu<\/a>\u00a0(europeo) o\u00a0<a class=\"accssme-widget-links accssme-widget-text\" href=\"http:\/\/www.aboutads.info\/choices\/\" target=\"_blank\" rel=\"noreferrer noopener\">aboutads.info<\/a>\u00a0(estadounidense) para aprender qu\u00e9 son y c\u00f3mo se gestionan las cookies publicitarias.<\/p>\n<p class=\"accssme-widget-text\">Aqu\u00ed hay algunos programas de registro espec\u00edficos disponibles:<\/p>\n<p class=\"accssme-widget-text\">Google Analytics \u2013\u00a0<a class=\"accssme-widget-links accssme-widget-text\" href=\"https:\/\/tools.google.com\/dlpage\/gaoptout\" target=\"_blank\" rel=\"noreferrer noopener\">https:\/\/tools.google.com\/dlpage\/gaoptout<\/a><\/p>\n<p class=\"accssme-widget-text\">Es importante tener en cuenta que restringir o desactivar el uso de cookies puede limitar la funcionalidad de los sitios, o evitar que funcionen correctamente.<\/p>\n<\/div>\n<\/div>\t\t\t\t\t\t\t\t<\/div>\n\t\t\t\t<\/div>\n\t\t\t\t\t<\/div>\n\t\t\t\t<\/div>\n\t\t\t\t<\/div>","protected":false},"excerpt":{"rendered":"<p>Pol\u00edtica de Cookies Nuestra\u00a0pol\u00edtica de privacidad\u00a0explica nuestros principios cuando se trata de recopilar, procesar y almacenar tu informaci\u00f3n. Esta pol\u00edtica explica espec\u00edficamente c\u00f3mo nosotros, nuestros socios y usuarios de nuestros servicios implementamos cookies, as\u00ed como tambi\u00e9n las opciones que tienes para controlarlas. \u00bfQu\u00e9 son las cookies? Las cookies son peque\u00f1as piezas de datos, almacenadas en&#8230;<\/p>","protected":false},"author":1,"featured_media":0,"parent":0,"menu_order":0,"comment_status":"closed","ping_status":"closed","template":"","meta":{"_acf_changed":false,"footnotes":""},"class_list":["post-36865","page","type-page","status-publish","hentry"],"acf":[],"_links":{"self":[{"href":"https:\/\/novaskin.center\/en\/wp-json\/wp\/v2\/pages\/36865","targetHints":{"allow":["GET"]}}],"collection":[{"href":"https:\/\/novaskin.center\/en\/wp-json\/wp\/v2\/pages"}],"about":[{"href":"https:\/\/novaskin.center\/en\/wp-json\/wp\/v2\/types\/page"}],"author":[{"embeddable":true,"href":"https:\/\/novaskin.center\/en\/wp-json\/wp\/v2\/users\/1"}],"replies":[{"embeddable":true,"href":"https:\/\/novaskin.center\/en\/wp-json\/wp\/v2\/comments?post=36865"}],"version-history":[{"count":3,"href":"https:\/\/novaskin.center\/en\/wp-json\/wp\/v2\/pages\/36865\/revisions"}],"predecessor-version":[{"id":36877,"href":"https:\/\/novaskin.center\/en\/wp-json\/wp\/v2\/pages\/36865\/revisions\/36877"}],"wp:attachment":[{"href":"https:\/\/novaskin.center\/en\/wp-json\/wp\/v2\/media?parent=36865"}],"curies":[{"name":"wp","href":"https:\/\/api.w.org\/{rel}","templated":true}]}}