{"id":36861,"date":"2025-05-14T11:21:39","date_gmt":"2025-05-14T11:21:39","guid":{"rendered":"https:\/\/novaskin.center\/?page_id=36861"},"modified":"2025-05-14T11:35:10","modified_gmt":"2025-05-14T11:35:10","slug":"aviso-legal","status":"publish","type":"page","link":"https:\/\/novaskin.center\/en\/aviso-legal\/","title":{"rendered":"Legal Notice"},"content":{"rendered":"<div data-elementor-type=\"wp-page\" data-elementor-id=\"36861\" class=\"elementor elementor-36861\" data-elementor-post-type=\"page\">\n\t\t\t\t<div class=\"elementor-element elementor-element-53ceec75 e-flex e-con-boxed cmsmasters-block-default e-con e-parent\" data-id=\"53ceec75\" data-element_type=\"container\" data-e-type=\"container\">\n\t\t\t\t\t<div class=\"e-con-inner\">\n\t\t\t\t<div class=\"elementor-element elementor-element-41d37c5 cmsmasters-block-default cmsmasters-sticky-default elementor-widget elementor-widget-spacer\" data-id=\"41d37c5\" data-element_type=\"widget\" data-e-type=\"widget\" data-widget_type=\"spacer.default\">\n\t\t\t\t<div class=\"elementor-widget-container\">\n\t\t\t\t\t\t\t<div class=\"elementor-spacer\">\n\t\t\t<div class=\"elementor-spacer-inner\"><\/div>\n\t\t<\/div>\n\t\t\t\t\t\t<\/div>\n\t\t\t\t<\/div>\n\t\t\t\t<div class=\"elementor-element elementor-element-29c71165 cmsmasters-block-default cmsmasters-sticky-default elementor-widget elementor-widget-text-editor\" data-id=\"29c71165\" data-element_type=\"widget\" data-e-type=\"widget\" data-widget_type=\"text-editor.default\">\n\t\t\t\t<div class=\"elementor-widget-container\">\n\t\t\t\t\t\t\t\t\t\n<div class=\"page-header accssme-widget-content\">\n<div class=\"page-header accssme-widget-content\">\n<h1 class=\"entry-title accssme-widget-titles wp-block-heading\">Legal Notice<\/h1>\n<\/div>\n<div class=\"page-content accssme-widget-content\">\n<p class=\"accssme-widget-text\">En el presente Aviso Legal, el Usuario, podr\u00e1 encontrar toda la informaci\u00f3n relativa a las condiciones legales que definen las relaciones entre los usuarios y el responsable de la p\u00e1gina web accesible en la direcci\u00f3n URL novaskin.center\u00a0 (en adelante, el Sitio Web), que Cristina S\u00e1nchez Latorre pone a disposici\u00f3n de los usuarios de Internet.<\/p>\n<p class=\"accssme-widget-text\">La utilizaci\u00f3n del sitio web implica la aceptaci\u00f3n plena y sin reservas de todas y cada una de las disposiciones incluidas en este Aviso Legal. En consecuencia, el usuario del sitio web debe leer atentamente el presente Aviso Legal en cada una de las ocasiones en que se proponga utilizar la web, ya que el texto podr\u00eda sufrir modificaciones a un criterio del titular de la web, o a causa de un cambio legislativo, jurisprudencial o en la pr\u00e1ctica empresarial.<\/p>\n<h4 class=\"wp-block-heading accssme-widget-titles\"><strong class=\"accssme-widget-text\">1.- DATOS DEL RESPONSABLE TITULAR DEL SITIO WEB<\/strong><\/h4>\n<p class=\"accssme-widget-text\"><strong class=\"accssme-widget-text\">Nombre del titular :<\/strong> Cristina S\u00e1nchez Latorre<\/p>\n<p class=\"accssme-widget-text\"><strong class=\"accssme-widget-text\">Domicilio social :<\/strong> <a tabindex=\"0\" href=\"https:\/\/www.google.com\/maps\/place\/\/data=!4m2!3m1!1s0xd624c53de772faf:0xf00c56e91e4727c5?sa=X&amp;ved=1t:8290&amp;ictx=111\" data-url=\"\/maps\/place\/\/data=!4m2!3m1!1s0xd624c53de772faf:0xf00c56e91e4727c5?sa=X&amp;ved=2ahUKEwjG4rur6aKNAxWWA9sEHf8pCEoQ4kB6BAgIEAA\">Street Santa Isabel, 30, 03130 Santa Pola, Alicante<\/a><\/p>\n<p class=\"accssme-widget-text\"><strong class=\"accssme-widget-text\">DNI.:<\/strong> 74233252-Q<\/p>\n<p class=\"accssme-widget-text\"><strong class=\"accssme-widget-text\">Tel\u00e9fono de contacto :<\/strong> <a href=\"https:\/\/www.google.com\/search?q=novaskin+sant+pola&amp;rlz=1C5CHFA_enES1010ES1010&amp;oq=novaskin+sant+pola&amp;gs_lcrp=EgZjaHJvbWUyBggAEEUYOTIPCAEQLhgNGK8BGMcBGIAEMgoIAhAAGIAEGKIEMgoIAxAAGIAEGKIEMgcIBBAAGO8FMgoIBRAAGIAEGKIEMgoIBhAAGIAEGKIEMgYIBxBFGDzSAQg1NzQ4ajBqN6gCALACAA&amp;sourceid=chrome&amp;ie=UTF-8#\" data-dtype=\"d3ph\" data-local-attribute=\"d3ph\" data-ved=\"2ahUKEwjG4rur6aKNAxWWA9sEHf8pCEoQkAgoAHoECCoQAg\"><span aria-label=\"Llamar al n\u00famero de tel\u00e9fono 646 05 64 39\">646 05 64 39<\/span><\/a><\/p>\n<p class=\"accssme-widget-text\"><strong class=\"accssme-widget-text\">Correo electr\u00f3nico :<\/strong> hola@novaskin.center<\/p>\n<p class=\"accssme-widget-text\">Crisitna S\u00e1nchez Latorre, es el responsable del Sitio Web y se compromete a cumplir con todos los requisitos nacionales y europeos que regulan el uso de los datos personales de los usuarios.<\/p>\n<p class=\"accssme-widget-text\">Este Sitio Web garantiza la protecci\u00f3n y confidencialidad de los datos personales que nos proporcionen de acuerdo con lo dispuesto en el Reglamento General de Protecci\u00f3n de Datos de Car\u00e1cter Personal (UE) 2016\/679 del Parlamento Europeo y del Consejo, de 27 de abril de 2016 , en la Ley Org\u00e1nica 3\/2018, de Protecci\u00f3n de Datos Personales y garant\u00eda de los derechos digitales, as\u00ed como en la Ley de Servicios de la Sociedad de la Informaci\u00f3n y Comercio Electr\u00f3nico 34\/2002 de 11 de Julio (LSSI-CE).<\/p>\n<h4 class=\"wp-block-heading accssme-widget-titles\"><strong class=\"accssme-widget-text\">2.- OBJETO<\/strong><\/h4>\n<p class=\"accssme-widget-text\">El Sitio Web facilita a los usuarios del mismo el acceso a informaci\u00f3n y servicios prestados por Cristina S\u00e1nchez Latorre a aquellas personas u organizaciones interesadas en los mismos.<\/p>\n<p class=\"accssme-widget-text\">El acceso y la utilizaci\u00f3n del Sitio Web atribuye la condici\u00f3n de usuario del Sitio Web (en adelante, el \u00abUsuario\u00bb) e implica la aceptaci\u00f3n de todas las condiciones incluidas en este Aviso Legal as\u00ed como de sus modificaciones. La prestaci\u00f3n del servicio del Sitio Web tiene una duraci\u00f3n limitada al momento en el que el Usuario se encuentra conectado al Sitio Web o a alguno de los servicios que a trav\u00e9s del mismo se facilitan. Por tanto, el Usuario debe leer atentamente el presente Aviso Legal en cada una de las ocasiones en que se proponga utilizar el Sitio Web, ya que \u00e9ste y sus condiciones de uso recogidas en el presente Aviso Legal pueden sufrir modificaciones.<\/p>\n<h4 class=\"wp-block-heading accssme-widget-titles\"><strong class=\"accssme-widget-text\">3.- ACCESO Y UTILIZACI\u00d3N DE LA WEB<\/strong><\/h4>\n<p class=\"accssme-widget-text\"><strong class=\"accssme-widget-text\">3.1.- Car\u00e1cter gratuito del acceso y utilizaci\u00f3n de la web.<\/strong>\u00a0El acceso a la web tiene car\u00e1cter gratuito para los usuarios de la misma, salvo en lo relativo al coste de la conexi\u00f3n a trav\u00e9s de la red de telecomunicaciones suministrada por el proveedor de acceso contratado por los usuarios.<\/p>\n<p class=\"accssme-widget-text\"><strong class=\"accssme-widget-text\">3.2.- Registro de usuarios.<\/strong>\u00a0Con car\u00e1cter general el acceso y uso de la web no exige la previa suscripci\u00f3n o registro de los usuarios de la misma.<\/p>\n<p class=\"accssme-widget-text\"><strong class=\"accssme-widget-text\">3.3.- Los usuarios se hacen responsables,<\/strong>\u00a0en cualquier caso, de la exactitud, vigencia y autenticidad de los datos personales facilitados, y se comprometen a mantenerlos debidamente actualizados. El usuario acepta proporcionar informaci\u00f3n completa y correcta en el formulario de contacto o suscripci\u00f3n.<\/p>\n<p class=\"accssme-widget-text\">En el caso de los menores de catorce a\u00f1os se requiere el consentimiento de los padres o tutores para el tratamiento de sus datos personales.<\/p>\n<p class=\"accssme-widget-text\">En ning\u00fan caso se recabar\u00e1n del menor de edad de datos relativos a la situaci\u00f3n profesional, econ\u00f3mica o a la intimidad de los otros miembros de la familia, sin el consentimiento de las mismas. Si eres menor de catorce a\u00f1os y has accedido a este sitio web sin avisar a tus padres no debes registrarte como usuario.<\/p>\n<p class=\"accssme-widget-text\">En esta web se respetan y cuidan los datos personales de los usuarios. Como usuario debes saber que tus derechos est\u00e1n garantizados.<\/p>\n<h4 class=\"wp-block-heading accssme-widget-titles\"><strong class=\"accssme-widget-text\">4.- CONTENIDOS DE LA WEB<\/strong><\/h4>\n<p class=\"accssme-widget-text\">El idioma utilizado por el titular en la web ser\u00e1 el castellano. Cristina S\u00e1nchez Latorre no se responsabiliza de la comprensi\u00f3n del idioma de la web por el usuario, ni de sus consecuencias.<\/p>\n<p class=\"accssme-widget-text\">Cristina S\u00e1nchez Latorre podr\u00e1 modificar los contenidos sin previo aviso, as\u00ed como suprimir y cambiar dentro de la web, como la forma en que se acceder a un sistema, sin justificaci\u00f3n alguna y libremente, no responsabiliz\u00e1ndose de las consecuencias que los mismos pueden ocasionar a los usuarios.<\/p>\n<p class=\"accssme-widget-text\">Se proh\u00edbe el uso de los contenidos de la web para promocionar, contratar o divulgar publicidad o informaci\u00f3n propia o de terceras personas sin la autorizaci\u00f3n de Cristina S\u00e1nchez Latorre, ni remitir publicidad o informaci\u00f3n vali\u00e9ndose para ello de los servicios o informaci\u00f3n que se ponen a disposici\u00f3n de los usuarios, independientemente de si la utilizaci\u00f3n es gratuita o no.<\/p>\n<p class=\"accssme-widget-text\">Los enlaces o hiperenlaces que incorporen terceros en sus p\u00e1ginas web, dirigidos a esta web, ser\u00e1n para la apertura de la p\u00e1gina web completa, no pudiendo manifestar, directa o indirectamente, indicaciones falsas, inexactas o confusas, ni incurrir en acciones desleales o il\u00edcitas en contra de Cristina S\u00e1nchez Latorre.<\/p>\n<h4 class=\"wp-block-heading accssme-widget-titles\"><strong class=\"accssme-widget-text\">5.- MEDIDAS DE SEGURIDAD<\/strong><\/h4>\n<p class=\"accssme-widget-text\">Los datos personales comunicados por el usuario podr\u00e1n ser almacenados en bases de datos automatizadas o no, cuya titularidad corresponde en exclusiva a Cristina S\u00e1nchez Latorre asumiendo todas las medidas de \u00edndole t\u00e9cnica, organizativa y de seguridad que garanticen la confidencialidad, integridad y calidad de la informaci\u00f3n contenida en las mismas de acuerdo con lo establecido en las normativas vigentes en materia de protecci\u00f3n de datos de car\u00e1cter personal.<\/p>\n<h4 class=\"wp-block-heading accssme-widget-titles\"><strong class=\"accssme-widget-text\">6.- LIMITACI\u00d3N DE RESPONSABILIDAD<\/strong><\/h4>\n<p class=\"accssme-widget-text\">Tanto el acceso a la web como el uso no consentido que pueda efectuarse de la informaci\u00f3n contenida en la misma es de la exclusiva responsabilidad de quien lo realiza. Cristina S\u00e1nchez Latorre no responde de ninguna consecuencia, da\u00f1o o perjuicio que podr\u00eda derivarse de dicho acceso o uso.<\/p>\n<p class=\"accssme-widget-text\">Cristina S\u00e1nchez Latorre no se hace responsable de los errores de seguridad, que se pueden producir ni de los da\u00f1os que puedan causar al sistema inform\u00e1tico del usuario (hardware y software), o a los archivos o documentos almacenados en el mismo, como consecuencia de:<\/p>\n<p class=\"accssme-widget-text\">\u2013 La presencia de un virus en el ordenador del usuario que sea utilizado para la conexi\u00f3n a los servicios y contenidos de la web.<\/p>\n<p class=\"accssme-widget-text\">\u2013 Un mal funcionamiento del navegador.<\/p>\n<p class=\"accssme-widget-text\">\u2013 Y \/ o del uso de versiones no actualizadas del mismo.<\/p>\n<p class=\"accssme-widget-text\">Cristina S\u00e1nchez Latorre no se hace responsable de la fiabilidad y rapidez de los hiperenlaces que se incorporen en la web para la apertura de otras. Cristina S\u00e1nchez Latorre no garantiza la utilidad de estos enlaces, ni se responsabiliza de los contenidos o servicios a los que pueda acceder al usuario por medio de estos enlaces, ni del buen funcionamiento de estas webs.<\/p>\n<p class=\"accssme-widget-text\">Cristina S\u00e1nchez Latorre no ser\u00e1 responsable de los virus o de los dem\u00e1s programas inform\u00e1ticos que se deterioren o puedan deteriorar los sistemas o equipos inform\u00e1ticos de los usuarios al acceder a su web u otras webs que hayan accedido mediante enlaces de esta web.<\/p>\n<h4 class=\"wp-block-heading accssme-widget-titles\"><strong class=\"accssme-widget-text\">7.- EMPLEO DE LA TECNOLOG\u00cdA \u201cCOOKIE\u201d<\/strong><\/h4>\n<p class=\"accssme-widget-text\">El Sitio Web puede emplear cookies o tecnolog\u00edas similares que se regir\u00e1n por lo establecido en la Pol\u00edtica de Cookies, accesible en todo momento y respetando la confidencialidad e intimidad del usuario, siendo parte integrante del presente Aviso Legal.<\/p>\n<h4 class=\"wp-block-heading accssme-widget-titles\">\u00a0<\/h4>\n<h4 class=\"wp-block-heading accssme-widget-titles\"><strong class=\"accssme-widget-text\">8.- NAVEGACI\u00d3N<\/strong><\/h4>\n<p class=\"accssme-widget-text\">Los servidores de Internet pueden recoger datos no identificables, que pueden incluir, direcciones IP, y otros datos que no pueden ser utilizados para identificar al usuario. Su direcci\u00f3n IP se almacenar\u00e1 en los registros de acceso de forma autom\u00e1tica y con la \u00fanica finalidad de permitir el tr\u00e1nsito por Internet, siendo necesario que su equipo facilite esta direcci\u00f3n IP cuando navega por Internet para que las comunicaciones puedan realizar. As\u00ed mismo, la direcci\u00f3n IP podr\u00e1 ser utilizada para realizar estad\u00edsticas, de manera anonimizada, sobre el n\u00famero de visitantes de esta web y su procedencia, de forma totalmente transparente a su navegaci\u00f3n.<\/p>\n<h4 class=\"wp-block-heading accssme-widget-titles\"><strong class=\"accssme-widget-text\">9.- PROPIEDAD INTELECTUAL E INDUSTRIAL<\/strong><\/h4>\n<p class=\"accssme-widget-text\">El usuario conoce y acepta que todos los contenidos y \/ o cualesquiera otros elementos del sitio web son propiedad de Cristina S\u00e1nchez Latorre, y se compromete a respetar los derechos de propiedad intelectual e industrial titularidad de Cristina S\u00e1nchez Latorre y\/o de terceros. Cualquier uso de la web o sus contenidos deber\u00e1 tener un car\u00e1cter exclusivamente particular.<\/p>\n<p class=\"accssme-widget-text\">Est\u00e1 reservado exclusivamente a Cristina S\u00e1nchez Latorre, cualquier otro uso que suponga la copia, reproducci\u00f3n, distribuci\u00f3n, transformaci\u00f3n, comunicaci\u00f3n p\u00fablica o cualquier otra acci\u00f3n similar, de todo o parte de los contenidos de la web, por lo que ning\u00fan usuario podr\u00e1 llevar a cabo estas acciones sin la autorizaci\u00f3n previa y por escrito de Cristina S\u00e1nchez Latorre.<\/p>\n<h4 class=\"wp-block-heading accssme-widget-titles\"><strong class=\"accssme-widget-text\">10.- LEGISLACI\u00d3N APLICABLE Y JURISDICCI\u00d3N COMPETENTE<\/strong><\/h4>\n<p class=\"accssme-widget-text\">El presente Aviso Legal se interpretar\u00e1 y regir\u00e1 de conformidad con la legislaci\u00f3n espa\u00f1ola. Cristina S\u00e1nchez Latorre y los usuarios, con renuncia expresa a cualquier otro fuero que pudiera corresponderles, se someten al de los juzgados y tribunales del domicilio del usuario para cualquier controversia que pudiera derivarse del acceso o uso de la web. En el caso de que el usuario tenga su domicilio fuera de Espa\u00f1a, Cristina S\u00e1nchez Latorre y el usuario, se someten, con renuncia expresa a cualquier otro fuero, a los juzgados y tribunales de la ciudad de Alicante.<\/p>\n<\/div>\n<\/div>\t\t\t\t\t\t\t\t<\/div>\n\t\t\t\t<\/div>\n\t\t\t\t\t<\/div>\n\t\t\t\t<\/div>\n\t\t\t\t<\/div>","protected":false},"excerpt":{"rendered":"<p>Aviso Legal En el presente Aviso Legal, el Usuario, podr\u00e1 encontrar toda la informaci\u00f3n relativa a las condiciones legales que definen las relaciones entre los usuarios y el responsable de la p\u00e1gina web accesible en la direcci\u00f3n URL novaskin.center\u00a0 (en adelante, el Sitio Web), que Cristina S\u00e1nchez Latorre pone a disposici\u00f3n de los usuarios de&#8230;<\/p>","protected":false},"author":1,"featured_media":0,"parent":0,"menu_order":0,"comment_status":"closed","ping_status":"closed","template":"","meta":{"_acf_changed":false,"footnotes":""},"class_list":["post-36861","page","type-page","status-publish","hentry"],"acf":[],"_links":{"self":[{"href":"https:\/\/novaskin.center\/en\/wp-json\/wp\/v2\/pages\/36861","targetHints":{"allow":["GET"]}}],"collection":[{"href":"https:\/\/novaskin.center\/en\/wp-json\/wp\/v2\/pages"}],"about":[{"href":"https:\/\/novaskin.center\/en\/wp-json\/wp\/v2\/types\/page"}],"author":[{"embeddable":true,"href":"https:\/\/novaskin.center\/en\/wp-json\/wp\/v2\/users\/1"}],"replies":[{"embeddable":true,"href":"https:\/\/novaskin.center\/en\/wp-json\/wp\/v2\/comments?post=36861"}],"version-history":[{"count":5,"href":"https:\/\/novaskin.center\/en\/wp-json\/wp\/v2\/pages\/36861\/revisions"}],"predecessor-version":[{"id":36874,"href":"https:\/\/novaskin.center\/en\/wp-json\/wp\/v2\/pages\/36861\/revisions\/36874"}],"wp:attachment":[{"href":"https:\/\/novaskin.center\/en\/wp-json\/wp\/v2\/media?parent=36861"}],"curies":[{"name":"wp","href":"https:\/\/api.w.org\/{rel}","templated":true}]}}