{"id":3,"date":"2025-05-12T23:09:43","date_gmt":"2025-05-12T23:09:43","guid":{"rendered":"https:\/\/novaskin.center\/?page_id=3"},"modified":"2025-05-14T11:21:09","modified_gmt":"2025-05-14T11:21:09","slug":"politica-de-privacidad","status":"publish","type":"page","link":"https:\/\/novaskin.center\/en\/politica-de-privacidad\/","title":{"rendered":"Privacy policy"},"content":{"rendered":"<div data-elementor-type=\"wp-page\" data-elementor-id=\"3\" class=\"elementor elementor-3\" data-elementor-post-type=\"page\">\n\t\t\t\t<div class=\"elementor-element elementor-element-53ceec75 e-flex e-con-boxed cmsmasters-block-default e-con e-parent\" data-id=\"53ceec75\" data-element_type=\"container\" data-e-type=\"container\">\n\t\t\t\t\t<div class=\"e-con-inner\">\n\t\t\t\t<div class=\"elementor-element elementor-element-41d37c5 cmsmasters-block-default cmsmasters-sticky-default elementor-widget elementor-widget-spacer\" data-id=\"41d37c5\" data-element_type=\"widget\" data-e-type=\"widget\" data-widget_type=\"spacer.default\">\n\t\t\t\t<div class=\"elementor-widget-container\">\n\t\t\t\t\t\t\t<div class=\"elementor-spacer\">\n\t\t\t<div class=\"elementor-spacer-inner\"><\/div>\n\t\t<\/div>\n\t\t\t\t\t\t<\/div>\n\t\t\t\t<\/div>\n\t\t\t\t<div class=\"elementor-element elementor-element-29c71165 cmsmasters-block-default cmsmasters-sticky-default elementor-widget elementor-widget-text-editor\" data-id=\"29c71165\" data-element_type=\"widget\" data-e-type=\"widget\" data-widget_type=\"text-editor.default\">\n\t\t\t\t<div class=\"elementor-widget-container\">\n\t\t\t\t\t\t\t\t\t\n<div class=\"page-header accssme-widget-content\">\n<h1 class=\"entry-title accssme-widget-titles wp-block-heading\">Privacy policy<\/h1>\n<\/div>\n<div class=\"page-content accssme-widget-content\">\n<p>\u00a0<\/p>\n<p class=\"accssme-widget-text\">La presente Pol\u00edtica de Privacidad establece los t\u00e9rminos en que\u00a0<strong class=\"accssme-widget-text\">novaskin.center <\/strong>usa y protege la informaci\u00f3n que es proporcionada por sus usuarios al momento de utilizar el sitio web. <b>Novaskin<\/b>est\u00e1 comprometida con la seguridad de los datos de sus usuarios. Cuando le pedimos llenar los campos de informaci\u00f3n personal con la cual usted pueda ser identificado, lo hacemos asegurando que s\u00f3lo se emplear\u00e1 de acuerdo con los t\u00e9rminos de este documento. Sin embargo esta Pol\u00edtica de Privacidad puede cambiar con el tiempo o ser actualizada por lo que le recomendamos y enfatizamos revisar continuamente esta p\u00e1gina para asegurarse que est\u00e1 de acuerdo con dichos cambios.<\/p>\n<h4 class=\"wp-block-heading accssme-widget-titles\"><strong class=\"accssme-widget-text\">Responsable \u2013 \u00bfqui\u00e9n es el responsable del tratamiento de los datos?<\/strong><\/h4>\n<p>\u00a0<\/p>\n<p class=\"accssme-widget-text\"><strong class=\"accssme-widget-text\">Nombre del titular :<\/strong> Cristina S\u00e1nchez Latorre<\/p>\n<p class=\"accssme-widget-text\"><strong class=\"accssme-widget-text\">Domicilio social :<\/strong> <a tabindex=\"0\" href=\"https:\/\/www.google.com\/maps\/place\/\/data=!4m2!3m1!1s0xd624c53de772faf:0xf00c56e91e4727c5?sa=X&amp;ved=1t:8290&amp;ictx=111\" data-url=\"\/maps\/place\/\/data=!4m2!3m1!1s0xd624c53de772faf:0xf00c56e91e4727c5?sa=X&amp;ved=2ahUKEwjG4rur6aKNAxWWA9sEHf8pCEoQ4kB6BAgIEAA\">Street Santa Isabel, 30, 03130 Santa Pola, Alicante<\/a><\/p>\n<p class=\"accssme-widget-text\"><strong class=\"accssme-widget-text\">DNI.:<\/strong> 74233252-Q<\/p>\n<p class=\"accssme-widget-text\"><strong class=\"accssme-widget-text\">Tel\u00e9fono de contacto :<\/strong> <a href=\"https:\/\/www.google.com\/search?q=novaskin+sant+pola&amp;rlz=1C5CHFA_enES1010ES1010&amp;oq=novaskin+sant+pola&amp;gs_lcrp=EgZjaHJvbWUyBggAEEUYOTIPCAEQLhgNGK8BGMcBGIAEMgoIAhAAGIAEGKIEMgoIAxAAGIAEGKIEMgcIBBAAGO8FMgoIBRAAGIAEGKIEMgoIBhAAGIAEGKIEMgYIBxBFGDzSAQg1NzQ4ajBqN6gCALACAA&amp;sourceid=chrome&amp;ie=UTF-8#\" data-dtype=\"d3ph\" data-local-attribute=\"d3ph\" data-ved=\"2ahUKEwjG4rur6aKNAxWWA9sEHf8pCEoQkAgoAHoECCoQAg\"><span aria-label=\"Llamar al n\u00famero de tel\u00e9fono 646 05 64 39\">646 05 64 39<\/span><\/a><\/p>\n<p class=\"accssme-widget-text\"><strong class=\"accssme-widget-text\">Correo electr\u00f3nico :<\/strong> <a class=\"cmsmasters-button-link elementor-widget-cmsmasters-button__button cmsmasters-icon-view-default cmsmasters-icon-shape- cmsmasters-button-size-sm\" role=\"button\" href=\"mailto:hola@novaskin.center\"><span class=\"elementor-widget-cmsmasters-button__content-wrapper cmsmasters-align-icon-left\"><span class=\"elementor-widget-cmsmasters-button__text\">hola@novaskin.center<\/span><\/span><\/a><\/p>\n<p class=\"accssme-widget-text\">Cristina S\u00e1nchez Latorre, es el responsable del Sitio Web y se compromete a cumplir con todos los requisitos nacionales y europeos que regulan el uso de los datos personales de los usuarios.<\/p>\n<p class=\"accssme-widget-text\">Este Sitio Web garantiza la protecci\u00f3n y confidencialidad de los datos personales que nos proporcionen de acuerdo con lo dispuesto en el Reglamento General de Protecci\u00f3n de Datos de Car\u00e1cter Personal (UE) 2016\/679 del Parlamento Europeo y del Consejo, de 27 de abril de 2016 , en la Ley Org\u00e1nica 3\/2018, de Protecci\u00f3n de Datos Personales y garant\u00eda de los derechos digitales, as\u00ed como en la Ley de Servicios de la Sociedad de la Informaci\u00f3n y Comercio Electr\u00f3nico 34\/2002 de 11 de Julio (LSSI-CE).<\/p>\n<h4 class=\"wp-block-heading accssme-widget-titles\"><strong class=\"accssme-widget-text\">Finalidades \u2013 \u00bfcon qu\u00e9 finalidades tratamos tus datos?<\/strong><\/h4>\n<p class=\"accssme-widget-text\">Te informamos que trataremos los datos que nos facilitas para:<\/p>\n<ul class=\"wp-block-list accssme-widget-content\">\n<li class=\"accssme-widget-text\">Gestionar la compra de productos que realice a trav\u00e9s de la Plataforma, as\u00ed como la facturaci\u00f3n y entrega correspondiente.<\/li>\n<li class=\"accssme-widget-text\">Remitir peri\u00f3dicamente comunicaciones sobre servicios, eventos y noticias relacionadas con las actividades desarrolladas por\u00a0<strong class=\"accssme-widget-text\">NovaSkin<\/strong>, por cualquier medio (tel\u00e9fono, correo postal o email), salvo que se indique lo contrario o el usuario se oponga o revoque su consentimiento.<\/li>\n<li class=\"accssme-widget-text\">Remitir informaci\u00f3n comercial y \/ o promocional relacionada con el sector de productos comprados y valor a\u00f1adido para usuarios finales, salvo que se indique lo contrario o el usuario se oponga o revoque su consentimiento.<\/li>\n<li class=\"accssme-widget-text\">Dar cumplimiento a las obligaciones legalmente establecidas, as\u00ed como verificar el cumplimiento de las obligaciones contractuales, inclu\u00eda la prevenci\u00f3n de fraude.<\/li>\n<li class=\"accssme-widget-text\">Cesi\u00f3n de datos a organismos y autoridades, siempre y cuando sean requeridos de conformidad con las disposiciones legales y reglamentarias.<\/li>\n<\/ul>\n<h4 class=\"wp-block-heading accssme-widget-titles\">\u00a0<\/h4>\n<h4 class=\"wp-block-heading accssme-widget-titles\"><strong class=\"accssme-widget-text\">Categor\u00edas de datos \u2013 \u00bfQu\u00e9 datos tratamos?<\/strong><\/h4>\n<p class=\"accssme-widget-text\">Derivada de las finalidades antes mencionadas, en <b>NovaSkin <\/b>gestionamos las siguientes categor\u00edas de datos:<\/p>\n<ul class=\"wp-block-list accssme-widget-content\">\n<li class=\"accssme-widget-text\">Datos identificativos<\/li>\n<li class=\"accssme-widget-text\">Metadatos de comunicaciones electr\u00f3nicas<\/li>\n<li class=\"accssme-widget-text\">Datos de informaci\u00f3n comercial. En caso de que el usuario facilite datos de terceros, manifiesta contar con el consentimiento de estos y se compromete a trasladarle la informaci\u00f3n contenida en esta cl\u00e1usula, eximiendo a <b>NovaSkin <\/b>de cualquier responsabilidad en este sentido.<\/li>\n<li class=\"accssme-widget-text\">No obstante, <b>NovaSkin <\/b>podr\u00e1 llevar a cabo las verificaciones para constatar este hecho, adoptando las medidas de diligencia debida que correspondan, conforme a la normativa de protecci\u00f3n de datos.<\/li>\n<\/ul>\n<h4 class=\"wp-block-heading accssme-widget-titles\">\u00a0<\/h4>\n<h4 class=\"wp-block-heading accssme-widget-titles\"><strong class=\"accssme-widget-text\">Legitimaci\u00f3n \u2013 \u00bfcu\u00e1l es la legitimaci\u00f3n para el tratamiento de tus datos?<\/strong><\/h4>\n<p class=\"accssme-widget-text\">El tratamiento de datos cuyo fin es el env\u00edo de boletines peri\u00f3dicos (newslettering) sobre productos, eventos y noticias relacionadas con nuestra actividad profesional se basa en el consentimiento del interesado, solicitado expresamente para llevar a cabo dichos tratamientos, de acuerdo con la normativa vigente.<\/p>\n<p class=\"accssme-widget-text\">Adem\u00e1s, la legitimaci\u00f3n para el tratamiento de los datos relacionados con ofertas o colaboraciones se basan en el consentimiento del usuario que remite sus datos, que puede retirar en cualquier momento, si bien ello puede afectar a la posible comunicaci\u00f3n de forma fluida y obstrucci\u00f3n de procesos que desea realizar.<\/p>\n<p class=\"accssme-widget-text\">Por \u00faltimo, los datos se podr\u00e1n utilizar para dar cumplimiento a las obligaciones legales aplicables a\u00a0<strong class=\"accssme-widget-text\">NovaSkin<\/strong><strong class=\"accssme-widget-text\">.<\/strong><\/p>\n<h4 class=\"wp-block-heading accssme-widget-titles\"><strong class=\"accssme-widget-text\">Plazo de Conservaci\u00f3n de los Datos \u2013 \u00bfPor cu\u00e1nto tiempo conservaremos tus datos?<\/strong><\/h4>\n<p class=\"accssme-widget-text\"><strong class=\"accssme-widget-text\">NovaSkin<\/strong>\u00a0conservar\u00e1 los datos personales de los usuarios \u00fanicamente durante el tiempo necesario para la realizaci\u00f3n de las finalidades para las que fueron recogidos, mientras no revoque los consentimientos otorgados. Posteriormente, en caso de ser necesario, mantendr\u00e1 la informaci\u00f3n bloqueada durante los plazos legalmente establecidos.<\/p>\n<h4 class=\"wp-block-heading accssme-widget-titles\"><strong class=\"accssme-widget-text\">Destinatarios \u00bfA qu\u00e9 destinatarios se comunicar\u00e1n tus datos?<\/strong><\/h4>\n<p class=\"accssme-widget-text\">Tus datos podr\u00e1n ser accedidos por aquellos proveedores que prestan servicios a\u00a0<strong class=\"accssme-widget-text\">NovaSkin<\/strong>, tales como servicios de alojamiento, herramientas de marketing y sistemas de contenido u otros profesionales, cuando dicha comunicaci\u00f3n sea necesaria normativamente, o para la ejecuci\u00f3n de los servicios contratados.<\/p>\n<p class=\"accssme-widget-text\"><strong class=\"accssme-widget-text\">NovaSkin<\/strong>, ha suscrito los correspondientes contratos de encargo de tratamiento con cada uno de los proveedores que le prestan servicios, con el objetivo de garantizar que dichos proveedores tratar\u00e1n tus datos de conformidad con lo establecido en la legislaci\u00f3n vigente.<\/p>\n<p class=\"accssme-widget-text\">Tambi\u00e9n podr\u00e1n ser cedidos a las Fuerzas y Cuerpos de Seguridad del Estado en los casos que exista una obligaci\u00f3n legal. Bancos y entidades financieras, para el cobro de los servicios. Administraciones p\u00fablicas con competencia en los sectores de actividad, cuando as\u00ed lo establezca la normativa vigente.<\/p>\n<h4 class=\"wp-block-heading accssme-widget-titles\"><strong class=\"accssme-widget-text\">Seguridad de la Informaci\u00f3n \u2013 \u00bfQu\u00e9 medidas de seguridad implantamos para cuidar sus datos?<\/strong><\/h4>\n<p class=\"accssme-widget-text\">Para proteger las diferentes tipolog\u00edas de datos reflejados en esta pol\u00edtica de privacidad llevar\u00e1 a cabo las medidas de seguridad t\u00e9cnicas necesarias para evitar su p\u00e9rdida, manipulaci\u00f3n, difusi\u00f3n o alteraci\u00f3n.<\/p>\n<ul class=\"wp-block-list accssme-widget-content\">\n<li class=\"accssme-widget-text\">Encriptaci\u00f3n de las comunicaciones entre el dispositivo del usuario y los servidores de\u00a0<strong class=\"accssme-widget-text\">NovaSkin<\/strong><strong class=\"accssme-widget-text\">.<\/strong><\/li>\n<li class=\"accssme-widget-text\">Encriptaci\u00f3n de la informaci\u00f3n en los propios servidores de <strong class=\"accssme-widget-text\">NovaSkin.<\/strong><\/li>\n<li class=\"accssme-widget-text\">Otras medidas que eviten el acceso a los datos del usuario por parte de terceros.<\/li>\n<\/ul>\n<h2 class=\"wp-block-heading accssme-widget-titles\">\u00a0<\/h2>\n<h4 class=\"wp-block-heading accssme-widget-titles\"><strong class=\"accssme-widget-text\">Derechos \u2013 \u00bfCu\u00e1les son tus derechos cuando nos facilitas tus datos y c\u00f3mo puedes ejercerlos?<\/strong><\/h4>\n<p class=\"accssme-widget-text\">Tenies derecho a obtener confirmaci\u00f3n sobre si en <strong class=\"accssme-widget-text\">NovaSkin <\/strong>estamos tratando datos personales que te conciernan, o no.<\/p>\n<p class=\"accssme-widget-text\">Asimismo, tienes derecho a acceder a tus datos personales, as\u00ed como a solicitar la rectificaci\u00f3n de los datos inexactos o, en su caso, solicitar su supresi\u00f3n cuando, entre otros motivos, los datos ya no sean necesarios para los fines que fueron recogidos.<\/p>\n<p class=\"accssme-widget-text\">En determinadas circunstancias, podr\u00e1s solicitar la limitaci\u00f3n del tratamiento de tus datos, en cuyo caso \u00fanicamente los conservaremos para el ejercicio o la defensa de reclamaciones.<\/p>\n<p class=\"accssme-widget-text\">En determinadas circunstancias y por motivos relacionados con tu situaci\u00f3n particular, podr\u00e1s oponerte al tratamiento de tus datos.<b> NovaSkin<\/b>\u00a0dejar\u00e1 de tratar los datos, salvo por motivos leg\u00edtimos imperiosos, o la defensa de posibles reclamaciones.<\/p>\n<p class=\"accssme-widget-text\">Asimismo, puedes ejercer el derecho a la portabilidad de los datos, as\u00ed como retirar los consentimientos facilitados en cualquier momento, sin que ello afecte a la licitud del tratamiento basado en el consentimiento previo a su retirada.<\/p>\n<p class=\"accssme-widget-text\">Si deseas hacer uso de cualquiera de tus derechos puede dirigirse a\u00a0<strong class=\"accssme-widget-text\">hola@novaskin.center<\/strong><\/p>\n<h4 class=\"wp-block-heading accssme-widget-titles\">\u00a0<\/h4>\n<h4 class=\"wp-block-heading accssme-widget-titles\"><strong class=\"accssme-widget-text\">Modificaci\u00f3n de la pol\u00edtica de privacidad<\/strong><\/h4>\n<p class=\"accssme-widget-text\"><strong class=\"accssme-widget-text\">NovaSkin<\/strong>\u00a0podr\u00e1 modificar la presente Pol\u00edtica de Privacidad en cualquier momento, siendo publicadas las sucesivas versiones en el Sitio Web. En cualquier caso, se comunicar\u00e1 con previo aviso las modificaciones de la presente pol\u00edtica que afecten a los usuarios a fin de que puedan aceptar las mismas.<\/p>\n<p class=\"accssme-widget-text\">La presente Pol\u00edtica de Privacidad se encuentra actualizada a fecha 16\/04\/2023\u00a0<strong class=\"accssme-widget-text\">NovaSkin<\/strong>\u00a0(Espa\u00f1a). Reservados todos los derechos.<\/p>\n<p class=\"accssme-widget-text\">Si lo deseas tambi\u00e9n puedes consultar nuestra\u00a0<strong class=\"accssme-widget-text\">Pol\u00edtica de Cookies.<\/strong><\/p>\n<\/div>\t\t\t\t\t\t\t\t<\/div>\n\t\t\t\t<\/div>\n\t\t\t\t\t<\/div>\n\t\t\t\t<\/div>\n\t\t\t\t<\/div>","protected":false},"excerpt":{"rendered":"<p>Pol\u00edtica de Privacidad \u00a0 La presente Pol\u00edtica de Privacidad establece los t\u00e9rminos en que\u00a0novaskin.center usa y protege la informaci\u00f3n que es proporcionada por sus usuarios al momento de utilizar el sitio web. Novaskinest\u00e1 comprometida con la seguridad de los datos de sus usuarios. Cuando le pedimos llenar los campos de informaci\u00f3n personal con la cual&#8230;<\/p>","protected":false},"author":1,"featured_media":0,"parent":0,"menu_order":0,"comment_status":"closed","ping_status":"closed","template":"","meta":{"_acf_changed":false,"footnotes":""},"class_list":["post-3","page","type-page","status-publish","hentry"],"acf":[],"_links":{"self":[{"href":"https:\/\/novaskin.center\/en\/wp-json\/wp\/v2\/pages\/3","targetHints":{"allow":["GET"]}}],"collection":[{"href":"https:\/\/novaskin.center\/en\/wp-json\/wp\/v2\/pages"}],"about":[{"href":"https:\/\/novaskin.center\/en\/wp-json\/wp\/v2\/types\/page"}],"author":[{"embeddable":true,"href":"https:\/\/novaskin.center\/en\/wp-json\/wp\/v2\/users\/1"}],"replies":[{"embeddable":true,"href":"https:\/\/novaskin.center\/en\/wp-json\/wp\/v2\/comments?post=3"}],"version-history":[{"count":5,"href":"https:\/\/novaskin.center\/en\/wp-json\/wp\/v2\/pages\/3\/revisions"}],"predecessor-version":[{"id":36864,"href":"https:\/\/novaskin.center\/en\/wp-json\/wp\/v2\/pages\/3\/revisions\/36864"}],"wp:attachment":[{"href":"https:\/\/novaskin.center\/en\/wp-json\/wp\/v2\/media?parent=3"}],"curies":[{"name":"wp","href":"https:\/\/api.w.org\/{rel}","templated":true}]}}